{"id":3,"date":"2025-08-22T16:04:53","date_gmt":"2025-08-22T16:04:53","guid":{"rendered":"https:\/\/angieedellcl.com\/?page_id=3"},"modified":"2025-08-22T16:49:50","modified_gmt":"2025-08-22T16:49:50","slug":"politicas-de-privacidad","status":"publish","type":"page","link":"https:\/\/angieedellcl.com\/index.php\/politicas-de-privacidad\/","title":{"rendered":"Pol\u00edticas de privacidad"},"content":{"rendered":"\r\n<h3 class=\"wp-block-heading\" data-start=\"502\" data-end=\"521\">Qui\u00e9nes somos<\/h3>\r\n<p data-start=\"522\" data-end=\"935\">El sitio web <strong data-start=\"535\" data-end=\"563\"><a class=\"decorated-link\" href=\"https:\/\/angieedellcl.com\" target=\"_new\" rel=\"noopener\" data-start=\"537\" data-end=\"561\">https:\/\/angieedellcl.com<\/a><\/strong> fue creado por <strong data-start=\"579\" data-end=\"600\">Anghel Lopez Polo<\/strong>, dise\u00f1adora, ilustradora y animadora digital, como una plataforma profesional para presentar el trabajo de <strong data-start=\"708\" data-end=\"735\">Angie Edell Campos Lazo<\/strong>, docente, gestora cultural y activista. En este sitio se presenta su trayectoria y su proyecto educativo <strong data-start=\"841\" data-end=\"864\">\u201cDocencia con ra\u00edz\u201d<\/strong>, con enfoque en memoria, identidad afrodescendiente y justicia social.<\/p>\r\n<p data-start=\"937\" data-end=\"1074\">Esta Pol\u00edtica de Privacidad explica c\u00f3mo se recopilan, usan y protegen los datos personales de las personas que interact\u00faan con el sitio.<\/p>\r\n<hr data-start=\"1076\" data-end=\"1079\" \/>\r\n<h3 data-start=\"1081\" data-end=\"1109\">Comentarios en el blog<\/h3>\r\n<p data-start=\"1110\" data-end=\"1380\">Cuando los visitantes dejan comentarios en las publicaciones del blog, se recopilan los datos visibles en el campo de comentarios (nombre y texto del comentario), as\u00ed como la direcci\u00f3n IP y el agente de usuario del navegador, con el fin de ayudar a la detecci\u00f3n de spam.<\/p>\r\n<p data-start=\"1382\" data-end=\"1749\">Una cadena an\u00f3nima (hash) generada a partir del correo electr\u00f3nico puede enviarse al servicio <strong data-start=\"1476\" data-end=\"1488\">Gravatar<\/strong> para verificar si el visitante utiliza ese servicio. La pol\u00edtica de privacidad de Gravatar est\u00e1 disponible en: <a class=\"decorated-link\" href=\"https:\/\/automattic.com\/privacy\/\" target=\"_new\" rel=\"noopener\" data-start=\"1600\" data-end=\"1666\">https:\/\/automattic.com\/privacy\/<\/a>. Tras la aprobaci\u00f3n del comentario, su foto de perfil ser\u00e1 visible junto al mismo.<\/p>\r\n<hr data-start=\"1751\" data-end=\"1754\" \/>\r\n<h3 data-start=\"1756\" data-end=\"1782\">Reacciones (\u00ablikes\u00bb)<\/h3>\r\n<p data-start=\"1783\" data-end=\"2105\">En algunas publicaciones del blog es posible dejar una reacci\u00f3n (\u00ablike\u00bb). Estas interacciones no requieren proporcionar datos personales de manera directa. Sin embargo, si el visitante ha iniciado sesi\u00f3n en WordPress.com o una cuenta vinculada, el sistema puede registrar la interacci\u00f3n como parte de su actividad p\u00fablica.<\/p>\r\n<hr data-start=\"2107\" data-end=\"2110\" \/>\r\n<h3 data-start=\"2112\" data-end=\"2125\">Cookies<\/h3>\r\n<p data-start=\"2126\" data-end=\"2386\">Al dejar un comentario en una entrada del blog, puede optar por guardar su nombre, direcci\u00f3n de correo electr\u00f3nico y sitio web en cookies. Esto es para su comodidad, para no tener que volver a introducirlos al comentar nuevamente. Estas cookies durar\u00e1n un a\u00f1o.<\/p>\r\n<p data-start=\"2388\" data-end=\"2597\">Adem\u00e1s, si visita una p\u00e1gina de inicio de sesi\u00f3n (si en alg\u00fan momento se habilita), se generar\u00e1 una cookie temporal para verificar si el navegador acepta cookies. Esta cookie se elimina al cerrar el navegador.<\/p>\r\n<hr data-start=\"2599\" data-end=\"2602\" \/>\r\n<h3 data-start=\"2604\" data-end=\"2650\">Contenido incrustado de otros sitios web<\/h3>\r\n<p data-start=\"2651\" data-end=\"2878\">Las publicaciones del blog pueden incluir contenido incrustado (por ejemplo, v\u00eddeos, im\u00e1genes o art\u00edculos). El contenido incrustado de otros sitios web se comporta como si el visitante hubiera accedido directamente a ese sitio.<\/p>\r\n<p data-start=\"2880\" data-end=\"3087\">Estos sitios pueden recopilar datos, usar cookies, integrar seguimiento de terceros y supervisar su interacci\u00f3n con el contenido incrustado, incluso si tiene una cuenta y ha iniciado sesi\u00f3n en ese sitio web.<\/p>\r\n<hr data-start=\"3089\" data-end=\"3092\" \/>\r\n<h3 data-start=\"3094\" data-end=\"3131\">Con qui\u00e9n compartimos sus datos<\/h3>\r\n<p data-start=\"3132\" data-end=\"3329\">Este sitio no comparte datos personales con terceros, excepto en el caso de los comentarios del blog, que pueden ser revisados mediante un sistema autom\u00e1tico de detecci\u00f3n de spam, como <strong data-start=\"3317\" data-end=\"3328\">Akismet<\/strong>.<\/p>\r\n<hr data-start=\"3331\" data-end=\"3334\" \/>\r\n<h3 data-start=\"3336\" data-end=\"3377\">Cu\u00e1nto tiempo conservamos sus datos<\/h3>\r\n<p data-start=\"3378\" data-end=\"3571\">Los comentarios en el blog y sus metadatos se conservan indefinidamente. Esto permite reconocer y aprobar autom\u00e1ticamente futuros comentarios del mismo autor sin necesidad de moderaci\u00f3n manual.<\/p>\r\n<hr data-start=\"3573\" data-end=\"3576\" \/>\r\n<h3 data-start=\"3578\" data-end=\"3618\">Qu\u00e9 derechos tiene sobre sus datos<\/h3>\r\n<p data-start=\"3619\" data-end=\"3897\">Si ha dejado comentarios, puede solicitar un archivo con los datos personales que tenemos sobre usted. Tambi\u00e9n puede solicitar que eliminemos cualquier dato personal almacenado. Esto no incluye los datos que debamos conservar por razones legales, administrativas o de seguridad.<\/p>\r\n<p data-start=\"3899\" data-end=\"3973\">Puede realizar esta solicitud escribiendo a: <strong data-start=\"3944\" data-end=\"3973\"><a class=\"decorated-link cursor-pointer\" rel=\"noopener\" data-start=\"3946\" data-end=\"3971\">angieedell@gmail.com<\/a><\/strong><\/p>\r\n<hr data-start=\"3975\" data-end=\"3978\" \/>\r\n<h3 data-start=\"3980\" data-end=\"4021\">Responsable del contenido del sitio<\/h3>\r\n<p data-start=\"4022\" data-end=\"4155\"><strong data-start=\"4022\" data-end=\"4049\">Angie Edell Campos Lazo<\/strong><br data-start=\"4049\" data-end=\"4052\" \/>Docente, gestora cultural y activista<br data-start=\"4089\" data-end=\"4092\" \/>Sitio web: <a class=\"decorated-link\" href=\"https:\/\/angieedellcl.com\" target=\"_new\" rel=\"noopener\" data-start=\"4103\" data-end=\"4155\">https:\/\/angieedellcl.com<\/a><\/p>\r\n<h3 data-start=\"4157\" data-end=\"4186\">Dise\u00f1o y desarrollo web<\/h3>\r\n<p data-start=\"4187\" data-end=\"4314\"><strong data-start=\"4187\" data-end=\"4208\">Anghel Lopez Polo<\/strong><br data-start=\"4208\" data-end=\"4211\" \/>Dise\u00f1adora, ilustradora y animadora digital<br data-start=\"4254\" data-end=\"4257\" \/>Correo de contacto t\u00e9cnico: <strong data-start=\"4285\" data-end=\"4314\"><a class=\"decorated-link cursor-pointer\" rel=\"noopener\" data-start=\"4287\" data-end=\"4312\">anghelvictoriac@gmail.com<\/a><\/strong><\/p>\r\n<hr data-start=\"4316\" data-end=\"4319\" \/>\r\n<p data-start=\"4321\" data-end=\"4464\"><em data-start=\"4321\" data-end=\"4367\">\u00daltima actualizaci\u00f3n: 22 de Agosto del 2025<\/em><br data-start=\"4367\" data-end=\"4370\" \/><em data-start=\"4370\" data-end=\"4464\">Esta pol\u00edtica puede actualizarse sin previo aviso. Le recomendamos revisarla peri\u00f3dicamente.<\/em><\/p>","protected":false},"excerpt":{"rendered":"<p>Qui\u00e9nes somos El sitio web https:\/\/angieedellcl.com fue creado por Anghel Lopez Polo, dise\u00f1adora, ilustradora y animadora digital, como una plataforma profesional para presentar el trabajo de Angie Edell Campos Lazo,<span class=\"excerpt-hellip\"> [\u2026]<\/span><\/p>\n","protected":false},"author":1,"featured_media":0,"parent":0,"menu_order":0,"comment_status":"closed","ping_status":"closed","template":"","meta":{"footnotes":""},"class_list":["post-3","page","type-page","status-publish","hentry"],"_links":{"self":[{"href":"https:\/\/angieedellcl.com\/index.php\/wp-json\/wp\/v2\/pages\/3","targetHints":{"allow":["GET"]}}],"collection":[{"href":"https:\/\/angieedellcl.com\/index.php\/wp-json\/wp\/v2\/pages"}],"about":[{"href":"https:\/\/angieedellcl.com\/index.php\/wp-json\/wp\/v2\/types\/page"}],"author":[{"embeddable":true,"href":"https:\/\/angieedellcl.com\/index.php\/wp-json\/wp\/v2\/users\/1"}],"replies":[{"embeddable":true,"href":"https:\/\/angieedellcl.com\/index.php\/wp-json\/wp\/v2\/comments?post=3"}],"version-history":[{"count":3,"href":"https:\/\/angieedellcl.com\/index.php\/wp-json\/wp\/v2\/pages\/3\/revisions"}],"predecessor-version":[{"id":377,"href":"https:\/\/angieedellcl.com\/index.php\/wp-json\/wp\/v2\/pages\/3\/revisions\/377"}],"wp:attachment":[{"href":"https:\/\/angieedellcl.com\/index.php\/wp-json\/wp\/v2\/media?parent=3"}],"curies":[{"name":"wp","href":"https:\/\/api.w.org\/{rel}","templated":true}]}}